{"id":662,"date":"2019-06-06T16:00:59","date_gmt":"2019-06-06T19:00:59","guid":{"rendered":"https:\/\/ipaguasvivas.org.br\/?page_id=662"},"modified":"2023-09-24T12:25:05","modified_gmt":"2023-09-24T15:25:05","slug":"elementor-662","status":"publish","type":"page","link":"https:\/\/ipaguasvivas.org.br\/index.php\/elementor-662\/","title":{"rendered":"Escola B\u00edblica Dominical"},"content":{"rendered":"<p>Aqui voc\u00ea ter\u00e1 a oportunidade de conhecer sobre os assuntos ministrados em nossa Escola B\u00edblica Dominical.<\/p>\n<p>Toda semana um assunto muito interessante e certamente edificante para sua vida. N\u00c3O DEIXE DE PARTICIPAR!<\/p>\n<p><a href=\"\">2019<\/a><br \/>\n<a href=\"\">2018<\/a><br \/>\n<a href=\"\">2017<\/a><br \/>\n<a href=\"\">2016<\/a><br \/>\n<a href=\"\">2015<\/a><br \/>\n2019<\/p>\n<p><b><a href=\"https:\/\/prezi.com\/zq9jljjkuute\/?token=4bfe81b4363e02f3fc031451864dd0b4f3b86567ee9da1855757801d841cfea2&amp;utm_campaign=share&amp;utm_medium=copy\" target=\"_blank\" rel=\"noopener noreferrer\">Estudo sobre o Catolicismo<\/a><br \/>\n<\/b><\/p>\n<p><b><a href=\"https:\/\/prezi.com\/view\/6vvL6oL4lUxLmTnAHp22\/\" target=\"_blank\" rel=\"noopener noreferrer\">Seitas e Heresias<\/a><\/b><br \/>\n<b><\/b><\/p>\n<p><b style=\"font-weight: normal;\">\u00a0<\/b><\/p>\n<p><b style=\"font-weight: normal;\">\u00a0<\/b><\/p>\n<p>2018<\/p>\n<p><strong>M\u00f3dulos relacionados \u00e0 organiza\u00e7\u00e3o da Igreja 2018<\/strong><\/p>\n<p><strong>Hist\u00f3ria da IPB<\/strong><\/p>\n<p>Estrutura de governo, quest\u00f5es administrativas, apresenta\u00e7\u00e3o da constitui\u00e7\u00e3o da IPB, refor\u00e7o de t\u00f3picos da hist\u00f3ria, Vis\u00e3o e miss\u00e3o da IPAV, Princ\u00edpios de liturgia.<\/p>\n<p><strong>Teologia Pr\u00e1tica<\/strong><\/p>\n<p>Disciplina eclesi\u00e1stica<br \/>\n4\u00ba m\u00f3dulo da S\u00e9rie: conhecer, crescer e compartilhar<\/p>\n<p>2017<\/p>\n<p>ESCOLA DOMINICAL 2017<\/p>\n<p>CURR\u00cdCULO<\/p>\n<p><strong>Teologia Sistem\u00e1tica<\/strong><\/p>\n<p>Confiss\u00e3o de F\u00e9 de Westmisnter (continua\u00e7\u00e3o)<br \/>\nConhecer a Confiss\u00e3o, aprender a manuse\u00e1-la e entender seus ensinamentos sobre as doutrinas da Trindade e Provid\u00eancia.<br \/>\nCap\u00edtulo 1 &#8211; revis\u00e3o (1 aula \u2013 j\u00e1 foi ministrado)<br \/>\nCap\u00edtulo 2 \u2013 3 aulas<br \/>\nCap\u00edtulo 3 \u2013 5 aulas<br \/>\nBibliografia: Confiss\u00e3o de f\u00e9 de Westminster Comentada.<br \/>\nQuando? Ao longo do ano. Entre cap\u00edtulos 2 e 3 haver\u00e1 intervalo com os outros temas.<\/p>\n<p><strong>Teologia Pr\u00e1tica<\/strong><\/p>\n<p>Deus e minha hist\u00f3ria de vida: Transforma\u00e7\u00e3o de dentro para fora.<br \/>\nCompreender a din\u00e2mica de transforma\u00e7\u00e3o progressiva na vida do crist\u00e3o e comprometer-se com o crescimento \u00e0 semelhan\u00e7a de Cristo.<br \/>\nBibliografia: S\u00e9rie: Conhecer, crescer, compartilhar. V. 3.<br \/>\nDura\u00e7\u00e3o: 4 aulas<\/p>\n<p><strong>Deus e minha hist\u00f3ria de vida<\/strong><\/p>\n<p>Transforma\u00e7\u00e3o evidente<br \/>\nCompreender a din\u00e2mica de transforma\u00e7\u00e3o progressiva na vida do crist\u00e3o e comprometer-se com o crescimento \u00e0 semelhan\u00e7a de Cristo.<br \/>\nBibliografia: S\u00e9rie: Conhecer, crescer, compartilhar. V. 4.<br \/>\nDura\u00e7\u00e3o: 4 aulas<\/p>\n<p><strong>O Culto Dom\u00e9stico<br \/>\n<\/strong>Entender o que \u00e9 o culto dom\u00e9stico, como se faz e como implant\u00e1-lo.<br \/>\nBibliografia: Adora\u00e7\u00e3o no lar. Joel Beeke.<br \/>\nDura\u00e7\u00e3o: 4 aulas.<\/p>\n<p><strong>Teologia Hist\u00f3rica<\/strong><\/p>\n<p>Fundamentos da Teologia Reformada<br \/>\nConhecer o que \u00e9 a Teologia Reformada e suas caracter\u00edsticas.<br \/>\nBibliografia: Fundamentos da Teologia Reformada<br \/>\nDura\u00e7\u00e3o: 5 aulas<\/p>\n<p><strong>Pr\u00e9-Reforma<br \/>\n<\/strong>Entender os aspectos que levaram \u00e0 Reforma e tamb\u00e9m a hist\u00f3ria dos pr\u00e9-reformadores.<br \/>\nBibliografia: A era dos sonhos frustrados<br \/>\nDura\u00e7\u00e3o: 4 aulas<br \/>\nAtividade extra: Exibi\u00e7\u00e3o de trechos dos seguintes filmes:<br \/>\nJohn Huss<br \/>\nJohn Wycliff<\/p>\n<p><strong>Reforma Protestante<br \/>\n<\/strong>Revisar e aprofundar os estudos j\u00e1 realizados nos \u00faltimos 2 anos.<br \/>\nBibliografia: A era dos reformadores<br \/>\nDura\u00e7\u00e3o: 4 a 5 aulas<br \/>\nAtividade extra: Exibi\u00e7\u00e3o de trechos dos seguintes filmes:<br \/>\nMartinho Lutero vers\u00e3o 1953 e vers\u00e3o 2004.<\/p>\n<p><strong>Teologia B\u00edblica<\/strong><\/p>\n<p>Ep\u00edstola aos G\u00e1latas<br \/>\nConhecer as circunst\u00e2ncias em que a carta foi escrita, suas caracter\u00edsticas e ensinos.<br \/>\nBibliografia: Coment\u00e1rio de Calvino.<br \/>\nDura\u00e7\u00e3o: 6 a 7 aulas podendo haver intercala\u00e7\u00e3o com outro m\u00f3dulo se necess\u00e1rio.<\/p>\n<p>2016<\/p>\n<p>ESCOLA DOMINICAL 2016<\/p>\n<p>CURR\u00cdCULO<\/p>\n<p><strong>Cosmovis\u00e3o Reformada<br \/>\n<\/strong>Entender os conceitos de cultura, cosmovis\u00e3o e cora\u00e7\u00e3o para julgar a realidade por meio de perspectivas b\u00edblicas.<br \/>\nBibliografia<br \/>\nDura\u00e7\u00e3o: 5 a 6 aulas<\/p>\n<p><strong>Os Conflitos No Lar E As Escolhas Do Pacificador<br \/>\n<\/strong>Aprender a resolver os conflitos biblicamente.<br \/>\nBibliografia<br \/>\nDura\u00e7\u00e3o: 6 aulas<\/p>\n<p><strong>A Trag\u00e9dia Da Guanabara<br \/>\n<\/strong>Conhecer a hist\u00f3ria dos primeiros protestantes a desembarcarem no Brasil e entender as causas da n\u00e3o perman\u00eancia dos reformados no pa\u00eds.<br \/>\nBiblilografia<br \/>\nDura\u00e7\u00e3o: 2 a 3 aulas<\/p>\n<p><strong>Deus e minha hist\u00f3ria de vida: Transforma\u00e7\u00e3o passo a passo<br \/>\n<\/strong>Compreender a din\u00e2mica de transforma\u00e7\u00e3o progressiva na vida do crist\u00e3o e comprometer-se com o crescimento \u00e0 semelhan\u00e7a de Cristo.<br \/>\nBibliografia<br \/>\nDura\u00e7\u00e3o: 5 a 6 aulas<\/p>\n<p><strong>Filipenses<br \/>\n<\/strong>ESTUDO sistem\u00e1tico da carta de Paulo aos Filipenses<br \/>\nBibliografia<br \/>\nDura\u00e7\u00e3o: 10 aulas<\/p>\n<p><strong>Presbiterianismo II<br \/>\n<\/strong>Bibliografia<br \/>\nDura\u00e7\u00e3o: 3 aulas<\/p>\n<p>2015<\/p>\n<p>Curr\u00edculo Escola Dominical 2015<\/p>\n<p>Igreja Presbiteriana \u00c1guas Vivas<\/p>\n<p>M\u00f3dulo: <strong>Quando os problemas surgem<br \/>\n<\/strong>Dura\u00e7\u00e3o: 4 aulas<br \/>\nRefer\u00eancias:<br \/>\nJONES, Robert D. <em>Quando os problemas surgem<\/em>. S\u00e3o Paulo: Nutra, 2013.<\/p>\n<p>M\u00f3dulo: <strong>Exposi\u00e7\u00e3o de Ef\u00e9sios<br \/>\n<\/strong>Dura\u00e7\u00e3o: 8 aulas<br \/>\nRefer\u00eancias: LOPES, Hernandes D. <em>Ef\u00e9sios<\/em>: Igreja, a noiva gloriosa de Cristo. S\u00e3o Paulo: Hagnos, 2009.<\/p>\n<p>M\u00f3dulo: <strong>A Era dos m\u00e1rtires<br \/>\n<\/strong>Dura\u00e7\u00e3o: 4 aulas<br \/>\nRefer\u00eancias: GONZ\u00c1LEZ, Justo. A era dos m\u00e1rtires. S\u00e3o Paulo: Vida Nova, 1995.<\/p>\n<p>M\u00f3dulo: <strong>Se Deus j\u00e1 sabe, por que orar?<br \/>\n<\/strong>Dura\u00e7\u00e3o: 6 aulas<br \/>\nRefer\u00eancias:<br \/>\nKELLY, Douglas. Se Deus j\u00e1 sabe, por que orar? S\u00e3o Paulo: Cultura Crist\u00e3, 2009.<\/p>\n<p>M\u00f3dulo: <strong>Presbiterianismo II<br \/>\n<\/strong>Dura\u00e7\u00e3o: 3 aulas<br \/>\nRefer\u00eancias:<br \/>\nMATOS, Alderi S. de. <em>O que todo presbiteriano inteligente deve saber<\/em>.\u00a0 S\u00e3o Paulo: Cultura Crist\u00e3, 2009.<\/p>\n<p>M\u00f3dulo: <strong>Aprendendo o contentamento em todas as circunst\u00e2ncias<br \/>\n<\/strong>Dura\u00e7\u00e3o: 5 aulas<br \/>\nRefer\u00eancias:<br \/>\nJONES, Robert D. <em>Aprendendo o contentamento em todas as circunst\u00e2ncias<\/em>. S\u00e3o Paulo: Nutra, 2013.<\/p>\n<p>M\u00f3dulo: <strong>F\u00e9 reformada I<br \/>\n<\/strong>Dura\u00e7\u00e3o: 4 aulas<br \/>\nRefer\u00eancias:<br \/>\nJONES, Robert D. <em>Aprendendo o contentamento em todas as circunst\u00e2ncias<\/em>. S\u00e3o Paulo: Nutra, 2013.<br \/>\nHANKO, Herman. O que significa ser reformado. [s.l.]:Fireland, 2012.<\/p>\n","protected":false},"excerpt":{"rendered":"<p>Aqui voc\u00ea ter\u00e1 a oportunidade de conhecer sobre os assuntos ministrados em nossa Escola B\u00edblica Dominical. Toda semana um assunto muito interessante e certamente edificante para sua vida. N\u00c3O DEIXE DE PARTICIPAR! 2019 2018 2017 2016 2015 2019 Estudo sobre o Catolicismo Seitas e Heresias \u00a0 \u00a0 2018 M\u00f3dulos relacionados \u00e0 organiza\u00e7\u00e3o da Igreja 2018 Hist\u00f3ria da IPB Estrutura de governo, quest\u00f5es administrativas, apresenta\u00e7\u00e3o da constitui\u00e7\u00e3o da IPB, refor\u00e7o de&hellip;<\/p>\n","protected":false},"author":1,"featured_media":0,"parent":0,"menu_order":0,"comment_status":"closed","ping_status":"closed","template":"","meta":{"_monsterinsights_skip_tracking":false,"_monsterinsights_sitenote_active":false,"_monsterinsights_sitenote_note":"","_monsterinsights_sitenote_category":0,"slim_seo":{"title":"Escola B\u00edblica Dominical - Igreja Presbiteriana \u00c1guas Vivas","description":"Aqui voc\u00ea ter\u00e1 a oportunidade de conhecer sobre os assuntos ministrados em nossa Escola B\u00edblica Dominical. Toda semana um assunto muito interessante e certament"},"footnotes":""},"class_list":["post-662","page","type-page","status-publish","hentry"],"_links":{"self":[{"href":"https:\/\/ipaguasvivas.org.br\/index.php\/wp-json\/wp\/v2\/pages\/662","targetHints":{"allow":["GET"]}}],"collection":[{"href":"https:\/\/ipaguasvivas.org.br\/index.php\/wp-json\/wp\/v2\/pages"}],"about":[{"href":"https:\/\/ipaguasvivas.org.br\/index.php\/wp-json\/wp\/v2\/types\/page"}],"author":[{"embeddable":true,"href":"https:\/\/ipaguasvivas.org.br\/index.php\/wp-json\/wp\/v2\/users\/1"}],"replies":[{"embeddable":true,"href":"https:\/\/ipaguasvivas.org.br\/index.php\/wp-json\/wp\/v2\/comments?post=662"}],"version-history":[{"count":10,"href":"https:\/\/ipaguasvivas.org.br\/index.php\/wp-json\/wp\/v2\/pages\/662\/revisions"}],"predecessor-version":[{"id":2126,"href":"https:\/\/ipaguasvivas.org.br\/index.php\/wp-json\/wp\/v2\/pages\/662\/revisions\/2126"}],"wp:attachment":[{"href":"https:\/\/ipaguasvivas.org.br\/index.php\/wp-json\/wp\/v2\/media?parent=662"}],"curies":[{"name":"wp","href":"https:\/\/api.w.org\/{rel}","templated":true}]}}