{"id":55,"date":"2019-05-03T21:45:05","date_gmt":"2019-05-04T00:45:05","guid":{"rendered":"http:\/\/ipaguasvivas.org.br\/?page_id=55"},"modified":"2019-05-12T12:52:55","modified_gmt":"2019-05-12T15:52:55","slug":"publicacoes","status":"publish","type":"page","link":"https:\/\/ipaguasvivas.org.br\/index.php\/publicacoes\/","title":{"rendered":"Publica\u00e7\u00f5es"},"content":{"rendered":"\n<p class=\"has-medium-font-size\">Reservamos este espa\u00e7o para compartilhar com voc\u00ea nossa confiss\u00e3o de f\u00e9, catecismos, estudos b\u00edblicos, boletins e outros documentos que certamente ir\u00e3o te edificar.<\/p>\n\n\n\n<div class=\"wp-block-file\"><a href=\"http:\/\/ipaguasvivas.org.br\/wp-content\/uploads\/2019\/05\/BREVE-CATECISMO.pdf\">Breve Catecismo<\/a><a href=\"http:\/\/ipaguasvivas.org.br\/wp-content\/uploads\/2019\/05\/BREVE-CATECISMO.pdf\" class=\"wp-block-file__button\" download>Baixar<\/a><\/div>\n\n\n\n<div class=\"wp-block-file\"><a href=\"http:\/\/ipaguasvivas.org.br\/wp-content\/uploads\/2019\/05\/CATECISMO-MAIOR.pdf\">Catecismo Maior<\/a><a href=\"http:\/\/ipaguasvivas.org.br\/wp-content\/uploads\/2019\/05\/CATECISMO-MAIOR.pdf\" class=\"wp-block-file__button\" download>Baixar<\/a><\/div>\n\n\n\n<div class=\"wp-block-file\"><a href=\"http:\/\/ipaguasvivas.org.br\/wp-content\/uploads\/2019\/05\/CONFISS\u00c3O-DE-F\u00c9-DE-WESTMINSTER.pdf\">Confiss\u00e3o de F\u00e9 de Westminster<\/a><a href=\"http:\/\/ipaguasvivas.org.br\/wp-content\/uploads\/2019\/05\/CONFISS\u00c3O-DE-F\u00c9-DE-WESTMINSTER.pdf\" class=\"wp-block-file__button\" download>Baixar<\/a><\/div>\n\n\n\n<!--more-->\n\n\n\n<div class=\"wp-block-button aligncenter\"><a class=\"wp-block-button__link\" href=\"http:\/\/ipaguasvivas.org.br\/index.php\/acesse-tambem\/\">Acesse Tamb\u00e9m!<\/a><\/div>\n\n\n\n<p><\/p>\n","protected":false},"excerpt":{"rendered":"<p>Reservamos este espa\u00e7o para compartilhar com voc\u00ea nossa confiss\u00e3o de f\u00e9, catecismos, estudos b\u00edblicos, boletins e outros documentos que certamente ir\u00e3o te edificar.<\/p>\n","protected":false},"author":1,"featured_media":118,"parent":0,"menu_order":0,"comment_status":"closed","ping_status":"closed","template":"page-fullwidth.php","meta":{"_monsterinsights_skip_tracking":false,"_monsterinsights_sitenote_active":false,"_monsterinsights_sitenote_note":"","_monsterinsights_sitenote_category":0,"slim_seo":{"title":"Publica\u00e7\u00f5es - Igreja Presbiteriana \u00c1guas Vivas","description":"Reservamos este espa\u00e7o para compartilhar com voc\u00ea nossa confiss\u00e3o de f\u00e9, catecismos, estudos b\u00edblicos, boletins e outros documentos que certamente ir\u00e3o te edifi"},"footnotes":""},"class_list":["post-55","page","type-page","status-publish","has-post-thumbnail","hentry"],"_links":{"self":[{"href":"https:\/\/ipaguasvivas.org.br\/index.php\/wp-json\/wp\/v2\/pages\/55","targetHints":{"allow":["GET"]}}],"collection":[{"href":"https:\/\/ipaguasvivas.org.br\/index.php\/wp-json\/wp\/v2\/pages"}],"about":[{"href":"https:\/\/ipaguasvivas.org.br\/index.php\/wp-json\/wp\/v2\/types\/page"}],"author":[{"embeddable":true,"href":"https:\/\/ipaguasvivas.org.br\/index.php\/wp-json\/wp\/v2\/users\/1"}],"replies":[{"embeddable":true,"href":"https:\/\/ipaguasvivas.org.br\/index.php\/wp-json\/wp\/v2\/comments?post=55"}],"version-history":[{"count":4,"href":"https:\/\/ipaguasvivas.org.br\/index.php\/wp-json\/wp\/v2\/pages\/55\/revisions"}],"predecessor-version":[{"id":370,"href":"https:\/\/ipaguasvivas.org.br\/index.php\/wp-json\/wp\/v2\/pages\/55\/revisions\/370"}],"wp:featuredmedia":[{"embeddable":true,"href":"https:\/\/ipaguasvivas.org.br\/index.php\/wp-json\/wp\/v2\/media\/118"}],"wp:attachment":[{"href":"https:\/\/ipaguasvivas.org.br\/index.php\/wp-json\/wp\/v2\/media?parent=55"}],"curies":[{"name":"wp","href":"https:\/\/api.w.org\/{rel}","templated":true}]}}